{"id":2,"date":"2020-11-18T10:46:47","date_gmt":"2020-11-18T10:46:47","guid":{"rendered":"https:\/\/photo.triass.de\/wordpress\/?page_id=2"},"modified":"2021-01-06T17:44:21","modified_gmt":"2021-01-06T17:44:21","slug":"impressum","status":"publish","type":"page","link":"https:\/\/photo.triass.de\/wordpress\/impressum\/","title":{"rendered":"Impressum"},"content":{"rendered":"\n<h2 class=\"wp-block-heading\">Impressum<\/h2>\n\n\n\n<p>Verantwortlicher Redakteur und Webmaster f\u00fcr die Internetinhalte sowie f\u00fcr die Administration der Domain im Sinne \u00a7 6 TDG::<\/p>\n\n\n\n<p>Peter Brenneken<\/p>\n\n\n\n<p>B\u00fcckers Weide 25<br>44287 Dortmund<br>Deutschland<\/p>\n\n\n\n<figure class=\"wp-block-table\"><table><tbody><tr><td>Telefon<\/td><td>+49 231 44 74 34<\/td><\/tr><tr><td>Mobil<\/td><td>+49 171 300 412 8<\/td><\/tr><tr><td>E-Mail&nbsp;<\/td><td><a href=\"mailto:brenneken@triass.de\">brenneken@triass.de<\/a><\/td><\/tr><\/tbody><\/table><\/figure>\n\n\n\n<p>Finanzamt Dortmund H\u00f6rde<\/p>\n\n\n\n<h2 class=\"wp-block-heading\">Haftung im Sinne \u00a7 8 TDG:<\/h2>\n\n\n\n<p>TriAss stellt sein Internetangebot unter folgenden Nutzungsbedingungen zur Verf\u00fcgung:<\/p>\n\n\n\n<ul class=\"wp-block-list\"><li>Peter Brenneken ist als Diensteanbieter nach \u00a7 8 Abs. 1 TDG f\u00fcr die eigenen Inhalte, die er zur Nutzung bereith\u00e4lt, nach den allgemeinen Vorschriften verantwortlich. Die Haftung f\u00fcr Sch\u00e4den materieller oder ideeller Art, die durch die Nutzung der Inhalte verursacht wurden, ist ausgeschlossen, sofern nicht Vorsatz oder grobe Fahrl\u00e4ssigkeit vorliegt.<\/li><li>Soweit ein Text von dritter Seite erstellt ist, wird der jeweilige Verfasser namentlich benannt. In diesen F\u00e4llen ist der Verfasser des jeweiligen Dokuments bzw. sein Auftraggeber f\u00fcr den Inhalt verantwortlich.<\/li><\/ul>\n\n\n\n<h2 class=\"wp-block-heading\">Haftungsausschlu\u00df im Sinne \u00a7 9 TDG<\/h2>\n\n\n\n<p>Peter Brenneken macht sich den Inhalt, der innerhalb seines Angebots per Hyperlinks zug\u00e4nglich gemachten fremden Websites ausdr\u00fccklich&nbsp;<br>nicht zu eigen und kann deshalb f\u00fcr deren inhaltliche Korrektheit, Vollst\u00e4ndigkeit und Verf\u00fcgbarkeit keine Gew\u00e4hr leisten.&nbsp;<br>Peter Brenneken hat keinen Einfluss auf die aktuelle und zuk\u00fcnftige Gestaltung und auf Inhalte der gelinkten Seiten.<\/p>\n\n\n\n<h2 class=\"wp-block-heading\">Copyright und Urheberrecht<\/h2>\n\n\n\n<p>Der Betreiber gestattet keine \u00dcbernahme von Texten, Filmen und Bildern in Datenbest\u00e4nde, auch nicht in solche, die ausschlie\u00dflich f\u00fcr den privaten Gebrauch eines Nutzers bestimmt sind. Die \u00dcbernahme und Nutzung der Daten zu jeglichen Zwecken bedarf der schriftlichen Zustimmung von Peter Brenneken. Alle abgebildeten Logos und Markenzeichen sind eingetragene Warenzeichen der jeweiligen Eigent\u00fcmer.<\/p>\n","protected":false},"excerpt":{"rendered":"<p>Impressum Verantwortlicher Redakteur und Webmaster f\u00fcr die Internetinhalte sowie f\u00fcr die Administration der Domain im Sinne \u00a7 6 TDG:: Peter&hellip;<\/p>\n","protected":false},"author":1,"featured_media":0,"parent":0,"menu_order":0,"comment_status":"closed","ping_status":"closed","template":"","meta":{"footnotes":""},"class_list":["post-2","page","type-page","status-publish","hentry"],"_links":{"self":[{"href":"https:\/\/photo.triass.de\/wordpress\/wp-json\/wp\/v2\/pages\/2","targetHints":{"allow":["GET"]}}],"collection":[{"href":"https:\/\/photo.triass.de\/wordpress\/wp-json\/wp\/v2\/pages"}],"about":[{"href":"https:\/\/photo.triass.de\/wordpress\/wp-json\/wp\/v2\/types\/page"}],"author":[{"embeddable":true,"href":"https:\/\/photo.triass.de\/wordpress\/wp-json\/wp\/v2\/users\/1"}],"replies":[{"embeddable":true,"href":"https:\/\/photo.triass.de\/wordpress\/wp-json\/wp\/v2\/comments?post=2"}],"version-history":[{"count":2,"href":"https:\/\/photo.triass.de\/wordpress\/wp-json\/wp\/v2\/pages\/2\/revisions"}],"predecessor-version":[{"id":220,"href":"https:\/\/photo.triass.de\/wordpress\/wp-json\/wp\/v2\/pages\/2\/revisions\/220"}],"wp:attachment":[{"href":"https:\/\/photo.triass.de\/wordpress\/wp-json\/wp\/v2\/media?parent=2"}],"curies":[{"name":"wp","href":"https:\/\/api.w.org\/{rel}","templated":true}]}}